{"id":3757,"date":"2022-11-29T11:05:42","date_gmt":"2022-11-29T11:05:42","guid":{"rendered":"https:\/\/imkerei-krauter.de\/carnica-region-meileneiche"},"modified":"2022-12-02T10:03:30","modified_gmt":"2022-12-02T10:03:30","slug":"carnica-region-mileoak","status":"publish","type":"page","link":"https:\/\/imkerei-krauter.de\/en\/carnica-region-mileoak","title":{"rendered":"Carnica-Region-Mile Oak"},"content":{"rendered":"\n<style type=\"text\/css\" data-created_by=\"avia_inline_auto\" id=\"style-css-av-joa85ddn-6892117b30f40ce3b620fef2cf9d6394\">\n.avia-section.av-joa85ddn-6892117b30f40ce3b620fef2cf9d6394{\nbackground-repeat:no-repeat;\nbackground-image:url(https:\/\/imkerei-krauter.de\/wp-content\/uploads\/meileneiche_karte.jpg);\nbackground-position:50% 100%;\nbackground-attachment:fixed;\n}\n.avia-section.av-joa85ddn-6892117b30f40ce3b620fef2cf9d6394 .av-section-color-overlay{\nopacity:0.6;\nbackground-color:#000000;\n}\n<\/style>\n<div id='av_section_1'  class='avia-section av-joa85ddn-6892117b30f40ce3b620fef2cf9d6394 main_color avia-section-default avia-no-border-styling  avia-builder-el-0  avia-builder-el-no-sibling  avia-full-stretch avia-bg-style-fixed av-section-color-overlay-active av-minimum-height av-minimum-height-100 av-height-100  container_wrap sidebar_right'  data-section-bg-repeat='stretch' data-av_minimum_height_pc='100' data-av_min_height_opt='100'><div class=\"av-section-color-overlay-wrap\"><div class=\"av-section-color-overlay\"><\/div><div class='container av-section-cont-open' ><main  role=\"main\" itemprop=\"mainContentOfPage\"  class='template-page content  av-content-small alpha units'><div class='post-entry post-entry-type-page post-entry-3757'><div class='entry-content-wrapper clearfix'>\n<div  class='flex_column av-3l7cvj-f4b868a49035c187f1913636569e56f9 av_one_fifth  avia-builder-el-1  el_before_av_three_fifth  avia-builder-el-first  first flex_column_div  '     ><\/div>\n<style type=\"text\/css\" data-created_by=\"avia_inline_auto\" id=\"style-css-av-g2dew-2-c73d343d648b0aaea46dfebfec7c5ff5\">\n.flex_column.av-g2dew-2-c73d343d648b0aaea46dfebfec7c5ff5{\nborder-radius:0px 0px 0px 0px;\npadding:20px 20px 20px 20px;\nbackground-color:rgba(34,34,34,0.7);\n}\n<\/style>\n<div  class='flex_column av-g2dew-2-c73d343d648b0aaea46dfebfec7c5ff5 av_three_fifth  avia-builder-el-2  el_after_av_one_fifth  el_before_av_one_fifth  flex_column_div  '     ><p>\n<style type=\"text\/css\" data-created_by=\"avia_inline_auto\" id=\"style-css-av-32s73a-40df326b10641f67c768095bba12a793\">\n#top .av-special-heading.av-32s73a-40df326b10641f67c768095bba12a793{\npadding-bottom:10px;\nfont-size:45px;\n}\nbody .av-special-heading.av-32s73a-40df326b10641f67c768095bba12a793 .av-special-heading-tag .heading-char{\nfont-size:25px;\n}\n#top #wrap_all .av-special-heading.av-32s73a-40df326b10641f67c768095bba12a793 .av-special-heading-tag{\nfont-size:45px;\n}\n.av-special-heading.av-32s73a-40df326b10641f67c768095bba12a793 .av-subheading{\nfont-size:20px;\n}\n\n@media only screen and (min-width: 768px) and (max-width: 989px){ \n#top #wrap_all .av-special-heading.av-32s73a-40df326b10641f67c768095bba12a793 .av-special-heading-tag{\nfont-size:45px;\n}\n}\n\n@media only screen and (min-width: 480px) and (max-width: 767px){ \n#top #wrap_all .av-special-heading.av-32s73a-40df326b10641f67c768095bba12a793 .av-special-heading-tag{\nfont-size:30px;\n}\n}\n\n@media only screen and (max-width: 479px){ \n#top #wrap_all .av-special-heading.av-32s73a-40df326b10641f67c768095bba12a793 .av-special-heading-tag{\nfont-size:30px;\n}\n}\n<\/style>\n<div  class='av-special-heading av-32s73a-40df326b10641f67c768095bba12a793 av-special-heading-h1 blockquote modern-quote modern-centered  avia-builder-el-3  el_before_av_textblock  avia-builder-el-first  av-inherit-size av-linked-heading'><h1 class='av-special-heading-tag '  itemprop=\"headline\"  >Carnica-Region-Mile Oak<\/h1><div class='av-subheading av-subheading_below'><p>since 2022<\/p>\n<\/div><div class=\"special-heading-border\"><div class=\"special-heading-inner-border\"><\/div><\/div><\/div><br \/>\n<section  class='av_textblock_section av-kh0y8bsi-b32792899a632a5386c05e612541b092 '   itemscope=\"itemscope\" itemtype=\"https:\/\/schema.org\/CreativeWork\" ><div class='avia_textblock'  itemprop=\"text\" ><p>The Carnica Region Mile oak is a cooperation of the mileage oak breeding centre with neighbouring beekeepers within and outside the legal protection radius. It is a &#8220;bonus protection radius&#8221; on a voluntary basis. It\u00b4s &#8220;win-win situation&#8221; for all beekeepers.<br \/>\nProfessional beekeepers, part-time beekeepers and hobby beekeepers with from three to several hundred bee colonies are involved. The high-quality licensed drone colonies of the breeding site &#8220;radiate&#8221; on the neighboring beekeepers. Diverse Carnica genetics of the beekeepers involved &#8220;radiates&#8221; on the mating units of the mating site. The aim is an efficient, robust and regional Carnica population according to the breeding goals of the DIB. The genetics of the queens to be mated have a broad Carnica genetics of drones at their disposal, with which a strong heterosis effect is to be expected and breeding inbreeding can be prevented.<\/p>\n<p>The participating beekeepers breed and cultivate Carnica colonies of diverse origins, check for performance and carry out trait tests. Beekeepers have the opportunity to offer their colleagues bee colonies, offshoots and queens with official health certificates from the Carnica region mile oak for sale.<\/p>\n<\/div><\/section><\/p><\/div><div  class='flex_column av-qfyn-6d1bce0e8feafc5fa3cbcdfbb03c9dbe av_one_fifth  avia-builder-el-5  el_after_av_three_fifth  avia-builder-el-last  flex_column_div  '     ><\/div><\/div><\/div><\/main><!-- close content main element --><\/div><\/div><\/div><div id='after_section_1'  class='main_color av_default_container_wrap container_wrap sidebar_right'  ><div class='container av-section-cont-open' ><div class='template-page content  av-content-small alpha units'><div class='post-entry post-entry-type-page post-entry-3757'><div class='entry-content-wrapper clearfix'>\n","protected":false},"excerpt":{"rendered":"","protected":false},"author":1,"featured_media":0,"parent":0,"menu_order":0,"comment_status":"closed","ping_status":"closed","template":"","meta":{"footnotes":""},"class_list":["post-3757","page","type-page","status-publish","hentry"],"yoast_head":"<!-- This site is optimized with the Yoast SEO plugin v27.3 - https:\/\/yoast.com\/product\/yoast-seo-wordpress\/ -->\n<title>Carnica-Region-Mile Oak - Imkerei Krauter<\/title>\n<meta name=\"description\" content=\"LIMV Belegstelle MeileneicheDie Belegstelle Meileneiche ist eine im Landesgesetz MV verankerte, gesch\u00fctze Rassebelegstation. Sie liegt gut gesch\u00fctzt im Naturparkt Nossentiner Heide umgeben von Kiefernw\u00e4ldern und Heide. Ihr Schutzradius betr\u00e4gt 8 km und reicht bis Krakow am See.\" \/>\n<meta name=\"robots\" content=\"index, follow, max-snippet:-1, max-image-preview:large, max-video-preview:-1\" \/>\n<link rel=\"canonical\" href=\"https:\/\/imkerei-krauter.de\/en\/carnica-region-mileoak\" \/>\n<meta property=\"og:locale\" content=\"en_GB\" \/>\n<meta property=\"og:type\" content=\"article\" \/>\n<meta property=\"og:title\" content=\"Carnica-Region-Mile Oak - Imkerei Krauter\" \/>\n<meta property=\"og:description\" content=\"LIMV Belegstelle MeileneicheDie Belegstelle Meileneiche ist eine im Landesgesetz MV verankerte, gesch\u00fctze Rassebelegstation. Sie liegt gut gesch\u00fctzt im Naturparkt Nossentiner Heide umgeben von Kiefernw\u00e4ldern und Heide. Ihr Schutzradius betr\u00e4gt 8 km und reicht bis Krakow am See.\" \/>\n<meta property=\"og:url\" content=\"https:\/\/imkerei-krauter.de\/en\/carnica-region-mileoak\" \/>\n<meta property=\"og:site_name\" content=\"Imkerei Krauter\" \/>\n<meta property=\"article:modified_time\" content=\"2022-12-02T10:03:30+00:00\" \/>\n<meta name=\"twitter:card\" content=\"summary_large_image\" \/>\n<meta name=\"twitter:label1\" content=\"Estimated reading time\" \/>\n\t<meta name=\"twitter:data1\" content=\"4 minutes\" \/>\n<script type=\"application\/ld+json\" class=\"yoast-schema-graph\">{\"@context\":\"https:\\\/\\\/schema.org\",\"@graph\":[{\"@type\":\"WebPage\",\"@id\":\"https:\\\/\\\/imkerei-krauter.de\\\/en\\\/carnica-region-mileoak\",\"url\":\"https:\\\/\\\/imkerei-krauter.de\\\/en\\\/carnica-region-mileoak\",\"name\":\"Carnica-Region-Mile Oak - Imkerei Krauter\",\"isPartOf\":{\"@id\":\"https:\\\/\\\/imkerei-krauter.de\\\/en#website\"},\"datePublished\":\"2022-11-29T11:05:42+00:00\",\"dateModified\":\"2022-12-02T10:03:30+00:00\",\"description\":\"LIMV Belegstelle MeileneicheDie Belegstelle Meileneiche ist eine im Landesgesetz MV verankerte, gesch\u00fctze Rassebelegstation. Sie liegt gut gesch\u00fctzt im Naturparkt Nossentiner Heide umgeben von Kiefernw\u00e4ldern und Heide. Ihr Schutzradius betr\u00e4gt 8 km und reicht bis Krakow am See.\",\"breadcrumb\":{\"@id\":\"https:\\\/\\\/imkerei-krauter.de\\\/en\\\/carnica-region-mileoak#breadcrumb\"},\"inLanguage\":\"en-GB\",\"potentialAction\":[{\"@type\":\"ReadAction\",\"target\":[\"https:\\\/\\\/imkerei-krauter.de\\\/en\\\/carnica-region-mileoak\"]}]},{\"@type\":\"BreadcrumbList\",\"@id\":\"https:\\\/\\\/imkerei-krauter.de\\\/en\\\/carnica-region-mileoak#breadcrumb\",\"itemListElement\":[{\"@type\":\"ListItem\",\"position\":1,\"name\":\"Startseite\",\"item\":\"https:\\\/\\\/imkerei-krauter.de\\\/en\"},{\"@type\":\"ListItem\",\"position\":2,\"name\":\"Carnica-Region-Mile Oak\"}]},{\"@type\":\"WebSite\",\"@id\":\"https:\\\/\\\/imkerei-krauter.de\\\/en#website\",\"url\":\"https:\\\/\\\/imkerei-krauter.de\\\/en\",\"name\":\"Imkerei Krauter\",\"description\":\"Carnica Reinzucht und Vermehrungsbetrieb\",\"potentialAction\":[{\"@type\":\"SearchAction\",\"target\":{\"@type\":\"EntryPoint\",\"urlTemplate\":\"https:\\\/\\\/imkerei-krauter.de\\\/en?s={search_term_string}\"},\"query-input\":{\"@type\":\"PropertyValueSpecification\",\"valueRequired\":true,\"valueName\":\"search_term_string\"}}],\"inLanguage\":\"en-GB\"}]}<\/script>\n<!-- \/ Yoast SEO plugin. -->","yoast_head_json":{"title":"Carnica-Region-Mile Oak - Imkerei Krauter","description":"LIMV Belegstelle MeileneicheDie Belegstelle Meileneiche ist eine im Landesgesetz MV verankerte, gesch\u00fctze Rassebelegstation. Sie liegt gut gesch\u00fctzt im Naturparkt Nossentiner Heide umgeben von Kiefernw\u00e4ldern und Heide. Ihr Schutzradius betr\u00e4gt 8 km und reicht bis Krakow am See.","robots":{"index":"index","follow":"follow","max-snippet":"max-snippet:-1","max-image-preview":"max-image-preview:large","max-video-preview":"max-video-preview:-1"},"canonical":"https:\/\/imkerei-krauter.de\/en\/carnica-region-mileoak","og_locale":"en_GB","og_type":"article","og_title":"Carnica-Region-Mile Oak - Imkerei Krauter","og_description":"LIMV Belegstelle MeileneicheDie Belegstelle Meileneiche ist eine im Landesgesetz MV verankerte, gesch\u00fctze Rassebelegstation. Sie liegt gut gesch\u00fctzt im Naturparkt Nossentiner Heide umgeben von Kiefernw\u00e4ldern und Heide. Ihr Schutzradius betr\u00e4gt 8 km und reicht bis Krakow am See.","og_url":"https:\/\/imkerei-krauter.de\/en\/carnica-region-mileoak","og_site_name":"Imkerei Krauter","article_modified_time":"2022-12-02T10:03:30+00:00","twitter_card":"summary_large_image","twitter_misc":{"Estimated reading time":"4 minutes"},"schema":{"@context":"https:\/\/schema.org","@graph":[{"@type":"WebPage","@id":"https:\/\/imkerei-krauter.de\/en\/carnica-region-mileoak","url":"https:\/\/imkerei-krauter.de\/en\/carnica-region-mileoak","name":"Carnica-Region-Mile Oak - Imkerei Krauter","isPartOf":{"@id":"https:\/\/imkerei-krauter.de\/en#website"},"datePublished":"2022-11-29T11:05:42+00:00","dateModified":"2022-12-02T10:03:30+00:00","description":"LIMV Belegstelle MeileneicheDie Belegstelle Meileneiche ist eine im Landesgesetz MV verankerte, gesch\u00fctze Rassebelegstation. Sie liegt gut gesch\u00fctzt im Naturparkt Nossentiner Heide umgeben von Kiefernw\u00e4ldern und Heide. Ihr Schutzradius betr\u00e4gt 8 km und reicht bis Krakow am See.","breadcrumb":{"@id":"https:\/\/imkerei-krauter.de\/en\/carnica-region-mileoak#breadcrumb"},"inLanguage":"en-GB","potentialAction":[{"@type":"ReadAction","target":["https:\/\/imkerei-krauter.de\/en\/carnica-region-mileoak"]}]},{"@type":"BreadcrumbList","@id":"https:\/\/imkerei-krauter.de\/en\/carnica-region-mileoak#breadcrumb","itemListElement":[{"@type":"ListItem","position":1,"name":"Startseite","item":"https:\/\/imkerei-krauter.de\/en"},{"@type":"ListItem","position":2,"name":"Carnica-Region-Mile Oak"}]},{"@type":"WebSite","@id":"https:\/\/imkerei-krauter.de\/en#website","url":"https:\/\/imkerei-krauter.de\/en","name":"Imkerei Krauter","description":"Carnica Reinzucht und Vermehrungsbetrieb","potentialAction":[{"@type":"SearchAction","target":{"@type":"EntryPoint","urlTemplate":"https:\/\/imkerei-krauter.de\/en?s={search_term_string}"},"query-input":{"@type":"PropertyValueSpecification","valueRequired":true,"valueName":"search_term_string"}}],"inLanguage":"en-GB"}]}},"_links":{"self":[{"href":"https:\/\/imkerei-krauter.de\/en\/wp-json\/wp\/v2\/pages\/3757","targetHints":{"allow":["GET"]}}],"collection":[{"href":"https:\/\/imkerei-krauter.de\/en\/wp-json\/wp\/v2\/pages"}],"about":[{"href":"https:\/\/imkerei-krauter.de\/en\/wp-json\/wp\/v2\/types\/page"}],"author":[{"embeddable":true,"href":"https:\/\/imkerei-krauter.de\/en\/wp-json\/wp\/v2\/users\/1"}],"replies":[{"embeddable":true,"href":"https:\/\/imkerei-krauter.de\/en\/wp-json\/wp\/v2\/comments?post=3757"}],"version-history":[{"count":1,"href":"https:\/\/imkerei-krauter.de\/en\/wp-json\/wp\/v2\/pages\/3757\/revisions"}],"predecessor-version":[{"id":3758,"href":"https:\/\/imkerei-krauter.de\/en\/wp-json\/wp\/v2\/pages\/3757\/revisions\/3758"}],"wp:attachment":[{"href":"https:\/\/imkerei-krauter.de\/en\/wp-json\/wp\/v2\/media?parent=3757"}],"curies":[{"name":"wp","href":"https:\/\/api.w.org\/{rel}","templated":true}]}}